{"id":1317,"date":"2021-11-01T21:25:34","date_gmt":"2021-11-01T17:25:34","guid":{"rendered":"https:\/\/anra.am\/?page_id=1317"},"modified":"2022-10-17T11:31:01","modified_gmt":"2022-10-17T07:31:01","slug":"%d5%b0%d5%a1%d5%b4%d5%a1%d5%a3%d5%b8%d6%80%d5%ae%d5%a1%d5%af%d6%81%d5%b8%d6%82%d5%a9%d5%b5%d5%b8%d6%82%d5%b6","status":"publish","type":"page","link":"https:\/\/anra.am\/en\/cooperation\/","title":{"rendered":"\u0540\u0561\u0574\u0561\u0563\u0578\u0580\u056e\u0561\u056f\u0581\u0578\u0582\u0569\u0575\u0578\u0582\u0576"},"content":{"rendered":"<div data-elementor-type=\"wp-page\" data-elementor-id=\"1317\" class=\"elementor elementor-1317\">\n\t\t\t\t\t\t\t\t\t<section class=\"elementor-section elementor-top-section elementor-element elementor-element-4c4a9afd elementor-section-boxed elementor-section-height-default elementor-section-height-default\" data-id=\"4c4a9afd\" data-element_type=\"section\" data-settings=\"{&quot;background_background&quot;:&quot;classic&quot;}\">\n\t\t\t\t\t\t\t<div class=\"elementor-background-overlay\"><\/div>\n\t\t\t\t\t\t\t<div class=\"elementor-container elementor-column-gap-default\">\n\t\t\t\t\t<div class=\"elementor-column elementor-col-100 elementor-top-column elementor-element elementor-element-3940eb8\" data-id=\"3940eb8\" data-element_type=\"column\">\n\t\t\t<div class=\"elementor-widget-wrap elementor-element-populated\">\n\t\t\t\t\t\t\t\t<div class=\"elementor-element elementor-element-377516f3 elementor-widget elementor-widget-heading\" data-id=\"377516f3\" data-element_type=\"widget\" data-widget_type=\"heading.default\">\n\t\t\t\t<div class=\"elementor-widget-container\">\n\t\t\t<style>\/*! elementor - v3.6.1 - 23-03-2022 *\/\n.elementor-heading-title{padding:0;margin:0;line-height:1}.elementor-widget-heading .elementor-heading-title[class*=elementor-size-]>a{color:inherit;font-size:inherit;line-height:inherit}.elementor-widget-heading .elementor-heading-title.elementor-size-small{font-size:15px}.elementor-widget-heading .elementor-heading-title.elementor-size-medium{font-size:19px}.elementor-widget-heading .elementor-heading-title.elementor-size-large{font-size:29px}.elementor-widget-heading .elementor-heading-title.elementor-size-xl{font-size:39px}.elementor-widget-heading .elementor-heading-title.elementor-size-xxl{font-size:59px}<\/style><h2 class=\"elementor-heading-title elementor-size-default\">International Cooperation <\/h2>\t\t<\/div>\n\t\t\t\t<\/div>\n\t\t\t\t\t<\/div>\n\t\t<\/div>\n\t\t\t\t\t\t\t<\/div>\n\t\t<\/section>\n\t\t\t\t<section class=\"elementor-section elementor-top-section elementor-element elementor-element-57a8d8a8 elementor-section-boxed elementor-section-height-default elementor-section-height-default\" data-id=\"57a8d8a8\" data-element_type=\"section\">\n\t\t\t\t\t\t<div class=\"elementor-container elementor-column-gap-default\">\n\t\t\t\t\t<div class=\"elementor-column elementor-col-100 elementor-top-column elementor-element elementor-element-70932d9\" data-id=\"70932d9\" data-element_type=\"column\">\n\t\t\t<div class=\"elementor-widget-wrap elementor-element-populated\">\n\t\t\t\t\t\t\t\t<div class=\"elementor-element elementor-element-2dd15134 elementor-invisible elementor-widget elementor-widget-heading\" data-id=\"2dd15134\" data-element_type=\"widget\" data-settings=\"{&quot;_animation&quot;:&quot;fadeIn&quot;}\" data-widget_type=\"heading.default\">\n\t\t\t\t<div class=\"elementor-widget-container\">\n\t\t\t<h2 class=\"elementor-heading-title elementor-size-default\">International Cooperation <\/h2>\t\t<\/div>\n\t\t\t\t<\/div>\n\t\t\t\t<div class=\"elementor-element elementor-element-1a3f7031 elementor-widget-divider--view-line elementor-widget elementor-widget-divider\" data-id=\"1a3f7031\" data-element_type=\"widget\" data-widget_type=\"divider.default\">\n\t\t\t\t<div class=\"elementor-widget-container\">\n\t\t\t<style>\/*! elementor - v3.6.1 - 23-03-2022 *\/\n.elementor-widget-divider{--divider-border-style:none;--divider-border-width:1px;--divider-color:#2c2c2c;--divider-icon-size:20px;--divider-element-spacing:10px;--divider-pattern-height:24px;--divider-pattern-size:20px;--divider-pattern-url:none;--divider-pattern-repeat:repeat-x}.elementor-widget-divider .elementor-divider{display:-webkit-box;display:-ms-flexbox;display:flex}.elementor-widget-divider .elementor-divider__text{font-size:15px;line-height:1;max-width:95%}.elementor-widget-divider .elementor-divider__element{margin:0 var(--divider-element-spacing);-ms-flex-negative:0;flex-shrink:0}.elementor-widget-divider .elementor-icon{font-size:var(--divider-icon-size)}.elementor-widget-divider .elementor-divider-separator{display:-webkit-box;display:-ms-flexbox;display:flex;margin:0;direction:ltr}.elementor-widget-divider--view-line_icon .elementor-divider-separator,.elementor-widget-divider--view-line_text .elementor-divider-separator{-webkit-box-align:center;-ms-flex-align:center;align-items:center}.elementor-widget-divider--view-line_icon .elementor-divider-separator:after,.elementor-widget-divider--view-line_icon .elementor-divider-separator:before,.elementor-widget-divider--view-line_text .elementor-divider-separator:after,.elementor-widget-divider--view-line_text .elementor-divider-separator:before{display:block;content:\"\";border-bottom:0;-webkit-box-flex:1;-ms-flex-positive:1;flex-grow:1;border-top:var(--divider-border-width) var(--divider-border-style) var(--divider-color)}.elementor-widget-divider--element-align-left .elementor-divider .elementor-divider-separator>.elementor-divider__svg:first-of-type{-webkit-box-flex:0;-ms-flex-positive:0;flex-grow:0;-ms-flex-negative:100;flex-shrink:100}.elementor-widget-divider--element-align-left .elementor-divider-separator:before{content:none}.elementor-widget-divider--element-align-left .elementor-divider__element{margin-left:0}.elementor-widget-divider--element-align-right .elementor-divider .elementor-divider-separator>.elementor-divider__svg:last-of-type{-webkit-box-flex:0;-ms-flex-positive:0;flex-grow:0;-ms-flex-negative:100;flex-shrink:100}.elementor-widget-divider--element-align-right .elementor-divider-separator:after{content:none}.elementor-widget-divider--element-align-right .elementor-divider__element{margin-right:0}.elementor-widget-divider:not(.elementor-widget-divider--view-line_text):not(.elementor-widget-divider--view-line_icon) .elementor-divider-separator{border-top:var(--divider-border-width) var(--divider-border-style) var(--divider-color)}.elementor-widget-divider--separator-type-pattern{--divider-border-style:none}.elementor-widget-divider--separator-type-pattern.elementor-widget-divider--view-line .elementor-divider-separator,.elementor-widget-divider--separator-type-pattern:not(.elementor-widget-divider--view-line) .elementor-divider-separator:after,.elementor-widget-divider--separator-type-pattern:not(.elementor-widget-divider--view-line) .elementor-divider-separator:before,.elementor-widget-divider--separator-type-pattern:not([class*=elementor-widget-divider--view]) .elementor-divider-separator{width:100%;min-height:var(--divider-pattern-height);-webkit-mask-size:var(--divider-pattern-size) 100%;mask-size:var(--divider-pattern-size) 100%;-webkit-mask-repeat:var(--divider-pattern-repeat);mask-repeat:var(--divider-pattern-repeat);background-color:var(--divider-color);-webkit-mask-image:var(--divider-pattern-url);mask-image:var(--divider-pattern-url)}.elementor-widget-divider--no-spacing{--divider-pattern-size:auto}.elementor-widget-divider--bg-round{--divider-pattern-repeat:round}.rtl .elementor-widget-divider .elementor-divider__text{direction:rtl}<\/style>\t\t<div class=\"elementor-divider\">\n\t\t\t<span class=\"elementor-divider-separator\">\n\t\t\t\t\t\t<\/span>\n\t\t<\/div>\n\t\t\t\t<\/div>\n\t\t\t\t<\/div>\n\t\t\t\t\t<\/div>\n\t\t<\/div>\n\t\t\t\t\t\t\t<\/div>\n\t\t<\/section>\n\t\t\t\t<section class=\"elementor-section elementor-top-section elementor-element elementor-element-aa83b4a elementor-section-boxed elementor-section-height-default elementor-section-height-default elementor-invisible\" data-id=\"aa83b4a\" data-element_type=\"section\" data-settings=\"{&quot;animation&quot;:&quot;fadeIn&quot;}\">\n\t\t\t\t\t\t<div class=\"elementor-container elementor-column-gap-default\">\n\t\t\t\t\t<div class=\"elementor-column elementor-col-50 elementor-top-column elementor-element elementor-element-88ad6a4\" data-id=\"88ad6a4\" data-element_type=\"column\">\n\t\t\t<div class=\"elementor-widget-wrap elementor-element-populated\">\n\t\t\t\t\t\t\t\t<div class=\"elementor-element elementor-element-b9cebb3 elementor-widget elementor-widget-text-editor\" data-id=\"b9cebb3\" data-element_type=\"widget\" data-widget_type=\"text-editor.default\">\n\t\t\t\t<div class=\"elementor-widget-container\">\n\t\t\t<style>\/*! elementor - v3.6.1 - 23-03-2022 *\/\n.elementor-widget-text-editor.elementor-drop-cap-view-stacked .elementor-drop-cap{background-color:#818a91;color:#fff}.elementor-widget-text-editor.elementor-drop-cap-view-framed .elementor-drop-cap{color:#818a91;border:3px solid;background-color:transparent}.elementor-widget-text-editor:not(.elementor-drop-cap-view-default) .elementor-drop-cap{margin-top:8px}.elementor-widget-text-editor:not(.elementor-drop-cap-view-default) .elementor-drop-cap-letter{width:1em;height:1em}.elementor-widget-text-editor .elementor-drop-cap{float:left;text-align:center;line-height:1;font-size:50px}.elementor-widget-text-editor .elementor-drop-cap-letter{display:inline-block}<\/style>\t\t\t\t<p><span style=\"color: #333333;\">To improve safety and physical protection of nuclear facilities and nuclear materials, to promote non-proliferation and to prevent illicit trafficking of nuclear materials ANRA cooperates with the international organizations and regulatory authorities of other countries to harmonize Armenia\u2019s policy in the atomic energy utilization field.<\/span><\/p><p><span style=\"color: #333333;\">ANRA cooperates with the following regulatory authorities and organization under IAEA technical cooperation program and EC projects and in frame of the cooperation agreements:<\/span><\/p>\t\t\t\t\t\t<\/div>\n\t\t\t\t<\/div>\n\t\t\t\t\t<\/div>\n\t\t<\/div>\n\t\t\t\t<div class=\"elementor-column elementor-col-50 elementor-top-column elementor-element elementor-element-c972ad5\" data-id=\"c972ad5\" data-element_type=\"column\">\n\t\t\t<div class=\"elementor-widget-wrap elementor-element-populated\">\n\t\t\t\t\t\t\t\t<div class=\"elementor-element elementor-element-94e0fba elementor-widget elementor-widget-image\" data-id=\"94e0fba\" data-element_type=\"widget\" data-widget_type=\"image.default\">\n\t\t\t\t<div class=\"elementor-widget-container\">\n\t\t\t<style>\/*! elementor - v3.6.1 - 23-03-2022 *\/\n.elementor-widget-image{text-align:center}.elementor-widget-image a{display:inline-block}.elementor-widget-image a img[src$=\".svg\"]{width:48px}.elementor-widget-image img{vertical-align:middle;display:inline-block}<\/style>\t\t\t\t\t\t\t\t\t\t\t\t<img width=\"940\" height=\"528\" src=\"https:\/\/anra.am\/wp-content\/uploads\/2021\/11\/ph4.jpg\" class=\"attachment-full size-full\" alt=\"\" srcset=\"https:\/\/anra.am\/wp-content\/uploads\/2021\/11\/ph4.jpg 940w, https:\/\/anra.am\/wp-content\/uploads\/2021\/11\/ph4-300x169.jpg 300w, https:\/\/anra.am\/wp-content\/uploads\/2021\/11\/ph4-768x431.jpg 768w\" sizes=\"(max-width: 940px) 100vw, 940px\" \/>\t\t\t\t\t\t\t\t\t\t\t\t\t\t\t<\/div>\n\t\t\t\t<\/div>\n\t\t\t\t\t<\/div>\n\t\t<\/div>\n\t\t\t\t\t\t\t<\/div>\n\t\t<\/section>\n\t\t\t\t<section class=\"elementor-section elementor-top-section elementor-element elementor-element-1c94da9 elementor-section-boxed elementor-section-height-default elementor-section-height-default\" data-id=\"1c94da9\" data-element_type=\"section\">\n\t\t\t\t\t\t<div class=\"elementor-container elementor-column-gap-default\">\n\t\t\t\t\t<div class=\"elementor-column elementor-col-100 elementor-top-column elementor-element elementor-element-226187d\" data-id=\"226187d\" data-element_type=\"column\">\n\t\t\t<div class=\"elementor-widget-wrap elementor-element-populated\">\n\t\t\t\t\t\t\t\t<div class=\"elementor-element elementor-element-e06553b elementor-widget elementor-widget-text-editor\" data-id=\"e06553b\" data-element_type=\"widget\" data-widget_type=\"text-editor.default\">\n\t\t\t\t<div class=\"elementor-widget-container\">\n\t\t\t\t\t\t\t<p><span style=\"color: #333333;\"><span style=\"color: #e41e2f;\">\u2022 <\/span> United States Nuclear Regulatory Commission<\/span><\/p><p><span style=\"color: #e41e2f;\">\u00a0<\/span><\/p><p><span style=\"color: #e41e2f;\">\u2022 <\/span><span style=\"color: #333333;\"> Belgian Federal Agency for Nuclear Control (BELV)<\/span><\/p><p><span style=\"color: #333333;\"><br \/><span style=\"color: #e41e2f;\">\u2022 <\/span> Bulgarian Nuclear Regulatory Agency (BNRA)<\/span><br \/><span style=\"color: #333333;\"><br \/><span style=\"color: #e41e2f;\">\u2022 <\/span> Nuclear Energy Department of the Ministry of Energy of Belarus<\/span><br \/><span style=\"color: #333333;\"><br \/><span style=\"color: #e41e2f;\">\u2022 <\/span> Gesellschaft f\u00fcr Anlagen- und Reaktorsicherheit (GRS) gGmbH<\/span><br \/><span style=\"color: #333333;\"><br \/><span style=\"color: #e41e2f;\">\u2022 <\/span> Hungarian Atomic Energy Authority (HAEA)<\/span><br \/><span style=\"color: #333333;\"><br \/><span style=\"color: #e41e2f;\">\u2022 <\/span> Swiss Federal Nuclear Safety Inspectorate<\/span><br \/><span style=\"color: #333333;\"><br \/><span style=\"color: #e41e2f;\">\u2022 <\/span> UK DTI<\/span><br \/><span style=\"color: #333333;\"><br \/><span style=\"color: #e41e2f;\">\u2022 <\/span> State Scientific and Technical Center for Nuclear and Radiation Safety of the State Nuclear Regulatory Committee of Ukraine<\/span><br \/><span style=\"color: #333333;\"><br \/><span style=\"color: #e41e2f;\">\u2022 <\/span> State Nuclear Regulatory Inspectorate of Ukraine<\/span><br \/><span style=\"color: #333333;\"><br \/><span style=\"color: #e41e2f;\">\u2022 <\/span> State Office of Nuclear Safety of Czech Republic (SUJB)<\/span><br \/><span style=\"color: #333333;\"><br \/><span style=\"color: #e41e2f;\">\u2022 <\/span> Nuclear Regulatory Authority of Slovak Republic<\/span><br \/><span style=\"color: #333333;\"><br \/><span style=\"color: #e41e2f;\">\u2022 <\/span> The Nuclear Research Institute Rez<\/span><br \/><span style=\"color: #333333;\"><br \/><span style=\"color: #e41e2f;\">\u2022 <\/span> Federal Environmental, Industrial and Nuclear Supervision Service of Russia (Rostekhnadzor)<\/span><br \/><span style=\"color: #333333;\"><br \/><span style=\"color: #e41e2f;\">\u2022 <\/span> Organization for Economic and Cooperation Development (OECD),<\/span><br \/><span style=\"color: #333333;\"><br \/><span style=\"color: #e41e2f;\">\u2022 <\/span> Institut de Radioprotection et de S\u00fbret\u00e9 Nucl\u00e9aire<\/span><\/p><p>\u00a0<\/p><p><span style=\"color: #333333;\"><span style=\"color: #e41e2f;\">\u2022 <\/span> Radiation and Nuclear Safety Authority of Finland (STUK)<\/span><\/p>\t\t\t\t\t\t<\/div>\n\t\t\t\t<\/div>\n\t\t\t\t\t<\/div>\n\t\t<\/div>\n\t\t\t\t\t\t\t<\/div>\n\t\t<\/section>\n\t\t\t\t\t\t\t<\/div>","protected":false},"excerpt":{"rendered":"<p>\u0544\u056b\u057b\u0561\u0566\u0563\u0561\u0575\u056b\u0576 \u0570\u0561\u0574\u0561\u0563\u0578\u0580\u056e\u0561\u056f\u0581\u0578\u0582\u0569\u0575\u0578\u0582\u0576 \u0544\u056b\u057b\u0561\u0566\u0563\u0561\u0575\u056b\u0576 \u0570\u0561\u0574\u0561\u0563\u0578\u0580\u056e\u0561\u056f\u0581\u0578\u0582\u0569\u0575\u0578\u0582\u0576 \u0531\u0576\u057e\u057f\u0561\u0576\u0563\u0578\u0582\u0569\u0575\u0561\u0576 \u0562\u0561\u0580\u0571\u0580\u0561\u0581\u0574\u0561\u0576, \u0574\u056b\u057b\u0578\u0582\u056f\u0561\u0575\u056b\u0576 \u057f\u0565\u0572\u0561\u056f\u0561\u0575\u0561\u0576\u0584\u0576\u0565\u0580\u056b \u0587 \u0574\u056b\u057b\u0578\u0582\u056f\u0561\u0575\u056b\u0576 \u0576\u0575\u0578\u0582\u0569\u0565\u0580\u056b \u0586\u056b\u0566\u056b\u056f\u0561\u056f\u0561\u0576 \u057a\u0561\u0577\u057f\u057a\u0561\u0576\u0578\u0582\u0569\u0575\u0561\u0576, \u0574\u056b\u057b\u0578\u0582\u056f\u0561\u0575\u056b\u0576 \u0566\u0565\u0576\u0584\u056b \u0579\u057f\u0561\u0580\u0561\u056e\u0574\u0561\u0576 \u0587 \u0574\u056b\u057b\u0578\u0582\u056f\u0561\u0575\u056b\u0576 \u0576\u0575\u0578\u0582\u0569\u0565\u0580\u056b \u0561\u0576\u0585\u0580\u056b\u0576\u0561\u056f\u0561\u0576 \u0583\u0578\u056d\u0561\u0564\u0580\u0578\u0582\u0574\u0568 \u056f\u0561\u0576\u056d\u0565\u056c\u0578\u0582 \u0576\u057a\u0561\u057f\u0561\u056f\u0578\u057e \u056f\u0561\u0580\u0563\u0561\u057e\u0578\u0580\u0578\u0572 \u0574\u0561\u0580\u0574\u056b\u0576\u0568 \u0570\u0561\u0574\u0561\u0563\u0578\u0580\u056e\u0561\u056f\u0581\u0578\u0582\u0574 \u0567 \u0574\u056b\u057b\u0561\u0566\u0563\u0561\u0575\u056b\u0576 \u056f\u0561\u0566\u0574\u0561\u056f\u0565\u0580\u057a\u0578\u0582\u0569\u0575\u0578\u0582\u0576\u0576\u0565\u0580\u056b \u0587 [&hellip;]<\/p>","protected":false},"author":1,"featured_media":0,"parent":0,"menu_order":0,"comment_status":"closed","ping_status":"closed","template":"elementor_header_footer","meta":[],"_links":{"self":[{"href":"https:\/\/anra.am\/en\/wp-json\/wp\/v2\/pages\/1317"}],"collection":[{"href":"https:\/\/anra.am\/en\/wp-json\/wp\/v2\/pages"}],"about":[{"href":"https:\/\/anra.am\/en\/wp-json\/wp\/v2\/types\/page"}],"author":[{"embeddable":true,"href":"https:\/\/anra.am\/en\/wp-json\/wp\/v2\/users\/1"}],"replies":[{"embeddable":true,"href":"https:\/\/anra.am\/en\/wp-json\/wp\/v2\/comments?post=1317"}],"version-history":[{"count":66,"href":"https:\/\/anra.am\/en\/wp-json\/wp\/v2\/pages\/1317\/revisions"}],"predecessor-version":[{"id":5509,"href":"https:\/\/anra.am\/en\/wp-json\/wp\/v2\/pages\/1317\/revisions\/5509"}],"wp:attachment":[{"href":"https:\/\/anra.am\/en\/wp-json\/wp\/v2\/media?parent=1317"}],"curies":[{"name":"wp","href":"https:\/\/api.w.org\/{rel}","templated":true}]}}